{"id":160005,"date":"2023-08-23T16:46:02","date_gmt":"2023-08-23T14:46:02","guid":{"rendered":"https:\/\/stara.pikaluna.com\/cz\/?post_type=product&#038;p=160005"},"modified":"2025-12-10T12:04:33","modified_gmt":"2025-12-10T11:04:33","slug":"crystal-capri","status":"publish","type":"product","link":"https:\/\/stara.pikaluna.com\/cz\/product\/crystal-capri\/","title":{"rendered":"Crystal Capri"},"content":{"rendered":"","protected":false},"excerpt":{"rendered":"<p>Pr\u00e9miov\u00e9 m\u011bkk\u00e9 leg\u00edny Pikaluna, jedine\u010dn\u00fd design ve spojen\u00ed s pohodl\u00edm. Pozvedaj\u00ed standard!<\/p>\n","protected":false},"featured_media":160869,"template":"","meta":{"_acf_changed":false,"inline_featured_image":false},"product_brand":[],"product_cat":[272,15],"product_tag":[],"class_list":{"0":"post-160005","1":"product","2":"type-product","3":"status-publish","4":"has-post-thumbnail","6":"product_cat-10e-and-under","7":"product_cat-uncategorized","9":"first","10":"instock","11":"sale","12":"shipping-taxable","13":"purchasable","14":"product-type-variable","15":"has-default-attributes"},"bundled_by":[],"bundle_stock_status":"instock","bundle_stock_quantity":null,"bundle_virtual":false,"bundle_layout":"","bundle_add_to_cart_form_location":"","bundle_editable_in_cart":false,"bundle_sold_individually_context":"","bundle_item_grouping":"","bundle_min_size":"","bundle_max_size":"","bundle_price":[],"bundled_items":[],"bundle_sell_ids":[],"acf":[],"_links":{"self":[{"href":"https:\/\/stara.pikaluna.com\/cz\/wp-json\/wp\/v2\/product\/160005","targetHints":{"allow":["GET"]}}],"collection":[{"href":"https:\/\/stara.pikaluna.com\/cz\/wp-json\/wp\/v2\/product"}],"about":[{"href":"https:\/\/stara.pikaluna.com\/cz\/wp-json\/wp\/v2\/types\/product"}],"wp:featuredmedia":[{"embeddable":true,"href":"https:\/\/stara.pikaluna.com\/cz\/wp-json\/wp\/v2\/media\/160869"}],"wp:attachment":[{"href":"https:\/\/stara.pikaluna.com\/cz\/wp-json\/wp\/v2\/media?parent=160005"}],"wp:term":[{"taxonomy":"product_brand","embeddable":true,"href":"https:\/\/stara.pikaluna.com\/cz\/wp-json\/wp\/v2\/product_brand?post=160005"},{"taxonomy":"product_cat","embeddable":true,"href":"https:\/\/stara.pikaluna.com\/cz\/wp-json\/wp\/v2\/product_cat?post=160005"},{"taxonomy":"product_tag","embeddable":true,"href":"https:\/\/stara.pikaluna.com\/cz\/wp-json\/wp\/v2\/product_tag?post=160005"}],"curies":[{"name":"wp","href":"https:\/\/api.w.org\/{rel}","templated":true}]}}