{"id":54721,"date":"2022-01-10T09:47:18","date_gmt":"2022-01-10T08:47:18","guid":{"rendered":"https:\/\/stara.pikaluna.com\/cz\/?page_id=54721"},"modified":"2025-10-08T11:46:20","modified_gmt":"2025-10-08T09:46:20","slug":"home-page-new-v2","status":"publish","type":"page","link":"https:\/\/stara.pikaluna.com\/cz\/","title":{"rendered":"Leg\u00edny PIKALUNA &#8211; Pr\u00e9miov\u00e9 pohodl\u00ed a Styl"},"content":{"rendered":"","protected":false},"excerpt":{"rendered":"","protected":false},"author":20,"featured_media":0,"parent":0,"menu_order":0,"comment_status":"closed","ping_status":"closed","template":"template-home-new-v2.blade.php","meta":{"_acf_changed":false,"inline_featured_image":false,"footnotes":""},"class_list":["post-54721","page","type-page","status-publish","hentry"],"acf":[],"_links":{"self":[{"href":"https:\/\/stara.pikaluna.com\/cz\/wp-json\/wp\/v2\/pages\/54721","targetHints":{"allow":["GET"]}}],"collection":[{"href":"https:\/\/stara.pikaluna.com\/cz\/wp-json\/wp\/v2\/pages"}],"about":[{"href":"https:\/\/stara.pikaluna.com\/cz\/wp-json\/wp\/v2\/types\/page"}],"author":[{"embeddable":true,"href":"https:\/\/stara.pikaluna.com\/cz\/wp-json\/wp\/v2\/users\/20"}],"replies":[{"embeddable":true,"href":"https:\/\/stara.pikaluna.com\/cz\/wp-json\/wp\/v2\/comments?post=54721"}],"version-history":[{"count":5,"href":"https:\/\/stara.pikaluna.com\/cz\/wp-json\/wp\/v2\/pages\/54721\/revisions"}],"predecessor-version":[{"id":251602,"href":"https:\/\/stara.pikaluna.com\/cz\/wp-json\/wp\/v2\/pages\/54721\/revisions\/251602"}],"wp:attachment":[{"href":"https:\/\/stara.pikaluna.com\/cz\/wp-json\/wp\/v2\/media?parent=54721"}],"curies":[{"name":"wp","href":"https:\/\/api.w.org\/{rel}","templated":true}]}}