{"id":16031,"date":"2022-07-13T08:25:56","date_gmt":"2022-07-13T06:25:56","guid":{"rendered":"https:\/\/stara.pikaluna.com\/at\/?post_type=product&#038;p=16031"},"modified":"2025-12-10T11:16:18","modified_gmt":"2025-12-10T10:16:18","slug":"gothic-t-shirt","status":"publish","type":"product","link":"https:\/\/stara.pikaluna.com\/at\/product\/gothic-t-shirt\/","title":{"rendered":"Gothic T-Shirt"},"content":{"rendered":"","protected":false},"excerpt":{"rendered":"<p><strong>Gr\u00f6\u00dfe des Models:<\/strong>\u00a0170 cm<br \/>\n<strong>Das Model tr\u00e4gt die Gr\u00f6\u00dfe:<\/strong>\u00a0S<\/p>\n","protected":false},"featured_media":20973,"template":"","meta":{"_acf_changed":false,"inline_featured_image":false},"product_brand":[],"product_cat":[244,202,24,181,82,201],"product_tag":[],"class_list":{"0":"post-16031","1":"product","2":"type-product","3":"status-publish","4":"has-post-thumbnail","6":"product_cat-5e-and-under","7":"product_cat-all-short-sleeves","8":"product_cat-outlet","9":"product_cat-sxs","10":"product_cat-sport-t-shirt","11":"product_cat-upper-wear","13":"first","14":"instock","15":"sale","16":"shipping-taxable","17":"purchasable","18":"product-type-variable","19":"has-default-attributes"},"bundled_by":[],"bundle_stock_status":"instock","bundle_stock_quantity":null,"bundle_virtual":false,"bundle_layout":"","bundle_add_to_cart_form_location":"","bundle_editable_in_cart":false,"bundle_sold_individually_context":"","bundle_item_grouping":"","bundle_min_size":"","bundle_max_size":"","bundle_price":[],"bundled_items":[],"bundle_sell_ids":[],"acf":[],"_links":{"self":[{"href":"https:\/\/stara.pikaluna.com\/at\/wp-json\/wp\/v2\/product\/16031","targetHints":{"allow":["GET"]}}],"collection":[{"href":"https:\/\/stara.pikaluna.com\/at\/wp-json\/wp\/v2\/product"}],"about":[{"href":"https:\/\/stara.pikaluna.com\/at\/wp-json\/wp\/v2\/types\/product"}],"wp:featuredmedia":[{"embeddable":true,"href":"https:\/\/stara.pikaluna.com\/at\/wp-json\/wp\/v2\/media\/20973"}],"wp:attachment":[{"href":"https:\/\/stara.pikaluna.com\/at\/wp-json\/wp\/v2\/media?parent=16031"}],"wp:term":[{"taxonomy":"product_brand","embeddable":true,"href":"https:\/\/stara.pikaluna.com\/at\/wp-json\/wp\/v2\/product_brand?post=16031"},{"taxonomy":"product_cat","embeddable":true,"href":"https:\/\/stara.pikaluna.com\/at\/wp-json\/wp\/v2\/product_cat?post=16031"},{"taxonomy":"product_tag","embeddable":true,"href":"https:\/\/stara.pikaluna.com\/at\/wp-json\/wp\/v2\/product_tag?post=16031"}],"curies":[{"name":"wp","href":"https:\/\/api.w.org\/{rel}","templated":true}]}}